{"id":1719,"date":"2022-10-07T17:54:04","date_gmt":"2022-10-07T15:54:04","guid":{"rendered":"https:\/\/tropicalevasion.com\/cgv\/"},"modified":"2025-06-19T22:53:58","modified_gmt":"2025-06-19T20:53:58","slug":"terminos-condiciones-generales-de-venta","status":"publish","type":"page","link":"https:\/\/tropicalevasion.com\/es\/terminos-condiciones-generales-de-venta\/","title":{"rendered":"T\u00e9rminos y condiciones generales de venta"},"content":{"rendered":"\t\t<div data-elementor-type=\"wp-page\" data-elementor-id=\"1719\" class=\"elementor elementor-1719 elementor-33\" data-elementor-post-type=\"page\">\n\t\t\t\t\t\t<section class=\"elementor-section elementor-top-section elementor-element elementor-element-05bf7b4 elementor-section-full_width elementor-section-height-min-height elementor-section-height-default elementor-section-items-middle\" data-id=\"05bf7b4\" data-element_type=\"section\" data-settings=\"{&quot;background_background&quot;:&quot;classic&quot;,&quot;background_motion_fx_motion_fx_scrolling&quot;:&quot;yes&quot;,&quot;background_motion_fx_translateY_effect&quot;:&quot;yes&quot;,&quot;background_motion_fx_translateY_speed&quot;:{&quot;unit&quot;:&quot;px&quot;,&quot;size&quot;:0,&quot;sizes&quot;:[]},&quot;background_motion_fx_translateY_affectedRange&quot;:{&quot;unit&quot;:&quot;%&quot;,&quot;size&quot;:&quot;&quot;,&quot;sizes&quot;:{&quot;start&quot;:0,&quot;end&quot;:100}},&quot;background_motion_fx_devices&quot;:[&quot;desktop&quot;,&quot;tablet&quot;,&quot;mobile&quot;]}\">\n\t\t\t\t\t\t<div class=\"elementor-container elementor-column-gap-default\">\n\t\t\t\t\t<div class=\"elementor-column elementor-col-100 elementor-top-column elementor-element elementor-element-f99e01a\" data-id=\"f99e01a\" data-element_type=\"column\">\n\t\t\t<div class=\"elementor-widget-wrap\">\n\t\t\t\t\t\t\t<\/div>\n\t\t<\/div>\n\t\t\t\t\t<\/div>\n\t\t<\/section>\n\t\t\t\t<section class=\"elementor-section elementor-top-section elementor-element elementor-element-fff0e04 elementor-section-boxed elementor-section-height-default elementor-section-height-default\" data-id=\"fff0e04\" data-element_type=\"section\">\n\t\t\t\t\t\t<div class=\"elementor-container elementor-column-gap-default\">\n\t\t\t\t\t<div class=\"elementor-column elementor-col-100 elementor-top-column elementor-element elementor-element-9b1db9d\" data-id=\"9b1db9d\" data-element_type=\"column\">\n\t\t\t<div class=\"elementor-widget-wrap elementor-element-populated\">\n\t\t\t\t\t\t<div class=\"elementor-element elementor-element-722fc20 elementor-widget elementor-widget-spacer\" data-id=\"722fc20\" data-element_type=\"widget\" data-widget_type=\"spacer.default\">\n\t\t\t\t<div class=\"elementor-widget-container\">\n\t\t\t\t\t\t\t<div class=\"elementor-spacer\">\n\t\t\t<div class=\"elementor-spacer-inner\"><\/div>\n\t\t<\/div>\n\t\t\t\t\t\t<\/div>\n\t\t\t\t<\/div>\n\t\t\t\t\t<\/div>\n\t\t<\/div>\n\t\t\t\t\t<\/div>\n\t\t<\/section>\n\t\t\t\t<section class=\"elementor-section elementor-top-section elementor-element elementor-element-2e114f5 elementor-section-boxed elementor-section-height-default elementor-section-height-default\" data-id=\"2e114f5\" data-element_type=\"section\">\n\t\t\t\t\t\t<div class=\"elementor-container elementor-column-gap-default\">\n\t\t\t\t\t<div class=\"elementor-column elementor-col-100 elementor-top-column elementor-element elementor-element-6048a85\" data-id=\"6048a85\" data-element_type=\"column\">\n\t\t\t<div class=\"elementor-widget-wrap elementor-element-populated\">\n\t\t\t\t\t\t<div class=\"elementor-element elementor-element-7e76ded elementor-widget elementor-widget-heading\" data-id=\"7e76ded\" data-element_type=\"widget\" data-widget_type=\"heading.default\">\n\t\t\t\t<div class=\"elementor-widget-container\">\n\t\t\t\t\t<h1 class=\"elementor-heading-title elementor-size-default\">T\u00e9rminos y condiciones generales de venta<\/h1>\t\t\t\t<\/div>\n\t\t\t\t<\/div>\n\t\t\t\t\t<\/div>\n\t\t<\/div>\n\t\t\t\t\t<\/div>\n\t\t<\/section>\n\t\t\t\t<section class=\"elementor-section elementor-top-section elementor-element elementor-element-cf072b7 elementor-section-boxed elementor-section-height-default elementor-section-height-default\" data-id=\"cf072b7\" data-element_type=\"section\">\n\t\t\t\t\t\t<div class=\"elementor-container elementor-column-gap-default\">\n\t\t\t\t\t<div class=\"elementor-column elementor-col-100 elementor-top-column elementor-element elementor-element-4d4a43f\" data-id=\"4d4a43f\" data-element_type=\"column\">\n\t\t\t<div class=\"elementor-widget-wrap elementor-element-populated\">\n\t\t\t\t\t\t<div class=\"elementor-element elementor-element-2145b12 elementor-widget elementor-widget-spacer\" data-id=\"2145b12\" data-element_type=\"widget\" data-widget_type=\"spacer.default\">\n\t\t\t\t<div class=\"elementor-widget-container\">\n\t\t\t\t\t\t\t<div class=\"elementor-spacer\">\n\t\t\t<div class=\"elementor-spacer-inner\"><\/div>\n\t\t<\/div>\n\t\t\t\t\t\t<\/div>\n\t\t\t\t<\/div>\n\t\t\t\t\t<\/div>\n\t\t<\/div>\n\t\t\t\t\t<\/div>\n\t\t<\/section>\n\t\t\t\t<section class=\"elementor-section elementor-top-section elementor-element elementor-element-21ca0844 elementor-section-boxed elementor-section-height-default elementor-section-height-default\" data-id=\"21ca0844\" data-element_type=\"section\">\n\t\t\t\t\t\t<div class=\"elementor-container elementor-column-gap-default\">\n\t\t\t\t\t<div class=\"elementor-column elementor-col-100 elementor-top-column elementor-element elementor-element-2a8ee400\" data-id=\"2a8ee400\" data-element_type=\"column\">\n\t\t\t<div class=\"elementor-widget-wrap elementor-element-populated\">\n\t\t\t\t\t\t<div class=\"elementor-element elementor-element-5145bfc2 elementor-widget elementor-widget-text-editor\" data-id=\"5145bfc2\" data-element_type=\"widget\" data-widget_type=\"text-editor.default\">\n\t\t\t\t<div class=\"elementor-widget-container\">\n\t\t\t\t\t\t\t\t\t<p class=\"has-text-align-center\"><span style=\"color: #000000;\"><a style=\"color: #000000;\"><strong><u>Nombre de la empresa:<\/u><\/strong><\/a><\/span><\/p><p class=\"has-text-align-center\"><em>Horizon Charter<\/em>\u00a0<\/p><p class=\"has-text-align-center\"><span style=\"color: #000000;\"><strong><u>Direcci\u00f3n:<\/u><\/strong><\/span><br \/>Calle Esmeralda No.5 las piedras,\u00a0<\/p><p class=\"has-text-align-center\">22000 La Romana\u00a0<\/p><p class=\"has-text-align-center\">R\u00e9publique Dominicaine<\/p><p class=\"has-text-align-center\"><span style=\"color: #000000;\"><strong><u>C\u00e1mara de Comercio Dominicana:<\/u><\/strong>\u00a0<\/span><\/p><p class=\"has-text-align-center\"><span style=\"color: #000000;\"><strong><u>RNC:<\/u><\/strong> <\/span>1-30-86293-1\u00a0<\/p><p class=\"has-text-align-center\"><span style=\"color: #000000;\"><strong><u>RUT:<\/u><\/strong> AV-TOLD-1201-03335<\/span><\/p><p class=\"has-text-align-center\"><span style=\"color: #000000;\"><strong><u>Correo electr\u00f3nico:<\/u><\/strong><\/span>\u00a0<a href=\"mailto:info@tropicalevasion.com\">info@tropicalevasion.com<\/a><\/p><p class=\"has-text-align-center\"><span style=\"color: #000000;\"><strong><u>Tel:<\/u><\/strong><\/span>\u00a0+1\u00a0809\u00a0979 7359<\/p><p class=\"has-text-align-center\">\u00a0<\/p><p class=\"has-text-align-center\"><a href=\"https:\/\/tropicalevasion.com\"><strong>www.tropicalevasion.com<\/strong><\/a><strong> \u00a9<\/strong>Todos los derechos reservados.<\/p><p class=\"has-text-align-center\">\u00a0<\/p><p>Cualquier persona que haya comprado un tour tur\u00edstico est\u00e1 sujeta a los T\u00e9rminos y Condiciones Generales de Venta escritos en este documento.<\/p><p>\u00a0<\/p><p><span style=\"text-decoration: underline;\"><strong>Art\u00edculo n\u00b01: Tarifas<\/strong><\/span><\/p><p>Los precios se indican con IVA incluido<\/p><p>Se podr\u00e1n realizar cambios de precios en el caso de asistencia estacional m\u00e1s o menos intensa y del n\u00famero de personas que participan en el circuito para una misma familia.<\/p><p>Las tarifas mencionadas en nuestro sitio web son una base de precios indicativa, cada tour ser\u00e1 reelaborado de acuerdo con la demanda del cliente, sus fechas de viaje y sus deseos.<\/p><p>\u00a0<\/p><p><span style=\"text-decoration: underline;\"><strong>Art\u00edculo n\u00b02: Reservas y pagos<\/strong><\/span><\/p><p>Las reservas se realizar\u00e1n por correo electr\u00f3nico a <strong>info@tropicalevasion.com<\/strong><\/p><p>Se requerir\u00e1 un dep\u00f3sito del 50% en el momento de la reserva para garantizar su participaci\u00f3n en el programa y, por lo tanto, permitirnos reservar previamente los establecimientos asociados.<\/p><p>El pago se realizar\u00e1 mediante PayPal o transferencia bancaria internacional<\/p><p>El 25% se pagar\u00e1 45 d\u00edas antes de la fecha de viaje, por PayPal o transferencia bancaria.<\/p><p>El saldo se pagar\u00e1 el d\u00eda de llegada a la Rep\u00fablica Dominicana en efectivo (euros, d\u00f3lares o pesos) o por PayPal, a su representante de Tropical Evasion.<\/p><p>\u00a0<\/p><p><span style=\"text-decoration: underline;\"><strong>Art\u00edculo n\u00b03: Atenci\u00f3n al cliente<\/strong><\/span><\/p><p>Al reservar, el cliente dar\u00e1 su informaci\u00f3n de vuelo a nuestro servicio de reservas (fecha, hora, n\u00famero de vuelo, aeropuerto de llegada)<\/p><p>El d\u00eda antes de la salida, esta informaci\u00f3n ser\u00e1 reconfirmada entre el cliente y nuestro servicio de reservas.<\/p><p>Nuestro conductor recoger\u00e1 a los clientes a su llegada del aeropuerto \/ alojamiento y a la salida a la vuelta &#8211; alojamiento \/ aeropuerto.<\/p><p>\u00a0<\/p><p><span style=\"text-decoration: underline;\"><strong>Art\u00edculo n\u00b04: Seguridad y salud<\/strong><\/span><\/p><p>Cualquier alergia alimentaria debe ser estipulada en el momento de la reserva, de lo contrario no podremos garantizar un men\u00fa adecuado durante el recorrido.<\/p><p>Cualquier persona que participe en nuestros tours, debe respetar los protocolos de seguridad dados por el gu\u00eda durante las excursiones.<\/p><p>Todos los menores deben estar acompa\u00f1ados por una persona adulta responsable.<\/p><p>Es importante viajar con un seguro de salud v\u00e1lido en la Rep\u00fablica Dominicana, que cubra emergencias y repatriaciones.<br \/>De hecho, los hospitales privados del pa\u00eds pueden ser r\u00e1pidamente muy caros&#8230; si tienes una tarjeta de cr\u00e9dito tipo Visa o Mastercard, consulta con su sucursal bancaria para conocer las condiciones de cobertura&#8230; De lo contrario, le aconsejamos que contrate un seguro de viaje con su aseguradora para el per\u00edodo de estancia o con establecimientos especializados.<\/p><p><span style=\"text-decoration: underline;\"><strong>Art\u00edculo n\u00b05: Devoluci\u00f3n o cambio<\/strong><\/span>\u00a0<\/p><p>Cualquier cancelaci\u00f3n debe ser el asunto de un correo electr\u00f3nico dirigido a la agencia Tropical Evasion: info@tropicalevasion.com<\/p><p>El importe de los gastos de cancelaci\u00f3n cambia en funci\u00f3n de cu\u00e1ndo se produzca la cancelaci\u00f3n:<br \/>+45 d\u00edas antes de la salida: 20% del precio del viaje,<br \/>entre 45 y 30 d\u00edas de salida: 70% del precio del viaje,<br \/>-30 d\u00edas de salida: 100% del precio del viaje<\/p><p>Si cancelamos una excursi\u00f3n del tour, debido al mal tiempo o las condiciones del mar, obtendr\u00e1 un reembolso de la actividad cancelada o un aplazamiento para otra fecha si es posible.<\/p>\t\t\t\t\t\t\t\t<\/div>\n\t\t\t\t<\/div>\n\t\t\t\t\t<\/div>\n\t\t<\/div>\n\t\t\t\t\t<\/div>\n\t\t<\/section>\n\t\t\t\t<\/div>\n\t\t","protected":false},"excerpt":{"rendered":"<p>T\u00e9rminos y condiciones generales de venta Nombre de la empresa: Horizon Charter\u00a0 Direcci\u00f3n:Calle Esmeralda No.5 las piedras,\u00a0 22000 La Romana\u00a0 R\u00e9publique Dominicaine C\u00e1mara de Comercio Dominicana:\u00a0 RNC: 1-30-86293-1\u00a0 RUT: AV-TOLD-1201-03335 Correo electr\u00f3nico:\u00a0info@tropicalevasion.com Tel:\u00a0+1\u00a0809\u00a0979 7359 \u00a0 www.tropicalevasion.com \u00a9Todos los derechos reservados. \u00a0 Cualquier persona que haya comprado un tour tur\u00edstico est\u00e1 sujeta a los T\u00e9rminos y&hellip;<\/p>\n","protected":false},"author":1,"featured_media":0,"parent":0,"menu_order":0,"comment_status":"closed","ping_status":"closed","template":"elementor_header_footer","meta":{"footnotes":""},"class_list":["post-1719","page","type-page","status-publish","hentry"],"_links":{"self":[{"href":"https:\/\/tropicalevasion.com\/es\/wp-json\/wp\/v2\/pages\/1719","targetHints":{"allow":["GET"]}}],"collection":[{"href":"https:\/\/tropicalevasion.com\/es\/wp-json\/wp\/v2\/pages"}],"about":[{"href":"https:\/\/tropicalevasion.com\/es\/wp-json\/wp\/v2\/types\/page"}],"author":[{"embeddable":true,"href":"https:\/\/tropicalevasion.com\/es\/wp-json\/wp\/v2\/users\/1"}],"replies":[{"embeddable":true,"href":"https:\/\/tropicalevasion.com\/es\/wp-json\/wp\/v2\/comments?post=1719"}],"version-history":[{"count":13,"href":"https:\/\/tropicalevasion.com\/es\/wp-json\/wp\/v2\/pages\/1719\/revisions"}],"predecessor-version":[{"id":13920,"href":"https:\/\/tropicalevasion.com\/es\/wp-json\/wp\/v2\/pages\/1719\/revisions\/13920"}],"wp:attachment":[{"href":"https:\/\/tropicalevasion.com\/es\/wp-json\/wp\/v2\/media?parent=1719"}],"curies":[{"name":"wp","href":"https:\/\/api.w.org\/{rel}","templated":true}]}}